{"id":643,"date":"2022-03-20T01:30:04","date_gmt":"2022-03-20T01:30:04","guid":{"rendered":"https:\/\/argentootel.com\/en\/?page_id=643"},"modified":"2022-04-25T14:39:15","modified_gmt":"2022-04-25T14:39:15","slug":"contact","status":"publish","type":"page","link":"https:\/\/argentootel.com\/en\/contact\/","title":{"rendered":"Contact"},"content":{"rendered":"<p>[vc_row css_animation=&#8221;&#8221; row_type=&#8221;row&#8221; use_row_as_full_screen_section=&#8221;no&#8221; type=&#8221;full_width&#8221; angled_section=&#8221;no&#8221; text_align=&#8221;left&#8221; background_image_as_pattern=&#8221;without_pattern&#8221; z_index=&#8221;&#8221;][vc_column][vc_gmaps link=&#8221;#E-8_JTNDaWZyYW1lJTIwc3JjJTNEJTIyaHR0cHMlM0ElMkYlMkZ3d3cuZ29vZ2xlLmNvbSUyRm1hcHMlMkZlbWJlZCUzRnBiJTNEJTIxMW0xNCUyMTFtOCUyMTFtMyUyMTFkMTg5Mi45ODcxMzA0NjU1MjMlMjEyZDI3LjI0NzY2MTU4OTE2OTMlMjEzZDM3LjA2NjcyMzk0MjgxNTE2JTIxM20yJTIxMWkxMDI0JTIxMmk3NjglMjE0ZjEzLjElMjEzbTMlMjExbTIlMjExczB4MCUyNTNBMHg0NmI1YmU0OGJjMDQ4Y2U0JTIxMnpNemZDc0RBMEp6QXdMak1pVGlBeU44S3dNVFFuTlRVdU15SkYlMjE1ZTAlMjEzbTIlMjExc3RyJTIxMnN1cyUyMTR2MTY1MDI4OTEwNDIwNiUyMTVtMiUyMTFzdHIlMjEyc3VzJTIyJTIwd2lkdGglM0QlMjI4MDAlMjIlMjBoZWlnaHQlM0QlMjI2MDAlMjIlMjBzdHlsZSUzRCUyMmJvcmRlciUzQTAlM0IlMjIlMjBhbGxvd2Z1bGxzY3JlZW4lM0QlMjIlMjIlMjBsb2FkaW5nJTNEJTIybGF6eSUyMiUyMHJlZmVycmVycG9saWN5JTNEJTIybm8tcmVmZXJyZXItd2hlbi1kb3duZ3JhZGUlMjIlM0UlM0MlMkZpZnJhbWUlM0U=&#8221;][\/vc_column][\/vc_row][vc_row css_animation=&#8221;&#8221; row_type=&#8221;row&#8221; use_row_as_full_screen_section=&#8221;no&#8221; type=&#8221;full_width&#8221; angled_section=&#8221;no&#8221; text_align=&#8221;left&#8221; background_image_as_pattern=&#8221;without_pattern&#8221; css=&#8221;.vc_custom_1647742635049{background-color: #000000 !important;}&#8221; z_index=&#8221;&#8221;][vc_column][vc_row_inner row_type=&#8221;row&#8221; type=&#8221;grid&#8221; text_align=&#8221;left&#8221; css_animation=&#8221;&#8221;][vc_column_inner width=&#8221;1\/2&#8243;][vc_empty_space]<div class='q_icon_with_title small square '><div class=\"icon_holder \" style=\" \"><span data-icon-type=\"square\"    class=\"qode_iwt_icon_holder fa-stack fa-2x  \" style=\"background-color: #000000;\"><i class=\"qode_icon_font_awesome fa fa-phone qode_iwt_icon_element\" style=\"color: #ffffff;\" ><\/i><\/span><\/div><div class=\"icon_text_holder\" style=\"\"><div class=\"icon_text_inner\" style=\"\"><h5 class=\"icon_title\" style=\"color: #ffffff;\">Information &amp; Reservation<\/h5><p style='color: #ffffff'>0252 388 60 66<\/p><\/div><\/div><\/div>[vc_empty_space height=&#8221;20px&#8221;]<div class='q_icon_with_title small square '><div class=\"icon_holder \" style=\" \"><span data-icon-type=\"square\"    class=\"qode_iwt_icon_holder fa-stack fa-2x  \" style=\"background-color: #000000;\"><i class=\"qode_icon_font_awesome fa fa-phone qode_iwt_icon_element\" style=\"color: #ffffff;\" ><\/i><\/span><\/div><div class=\"icon_text_holder\" style=\"\"><div class=\"icon_text_inner\" style=\"\"><h5 class=\"icon_title\" style=\"color: #ffffff;\">Phone<\/h5><p style='color: #ffffff'>0252 388 62 61<\/p><\/div><\/div><\/div>[vc_empty_space height=&#8221;20px&#8221;]<div class='q_icon_with_title small square '><div class=\"icon_holder \" style=\" \"><span data-icon-type=\"square\"    class=\"qode_iwt_icon_holder fa-stack fa-2x  \" style=\"background-color: #000000;\"><i class=\"qode_icon_font_awesome fa fa-envelope qode_iwt_icon_element\" style=\"color: #ffffff;\" ><\/i><\/span><\/div><div class=\"icon_text_holder\" style=\"\"><div class=\"icon_text_inner\" style=\"\"><h5 class=\"icon_title\" style=\"color: #ffffff;\">E-Mail<\/h5><p style='color: #ffffff'>info@argentootel.com<\/p><\/div><\/div><\/div>[vc_empty_space height=&#8221;20px&#8221;]<div class='q_icon_with_title small square '><div class=\"icon_holder \" style=\" \"><span data-icon-type=\"square\"    class=\"qode_iwt_icon_holder fa-stack fa-2x  \" style=\"background-color: #000000;\"><i class=\"qode_icon_font_awesome fa fa-location-arrow qode_iwt_icon_element\" style=\"color: #ffffff;\" ><\/i><\/span><\/div><div class=\"icon_text_holder\" style=\"\"><div class=\"icon_text_inner\" style=\"\"><h5 class=\"icon_title\" style=\"color: #ffffff;\">Address<\/h5><p style='color: #ffffff'>Koyunbaba Mah. Z\u00fcbeyde Han\u0131m Cd. No:48 \/ 1 G\u00fcm\u00fc\u015fl\u00fck \/ Bodrum<\/p><\/div><\/div><\/div>[\/vc_column_inner][vc_column_inner width=&#8221;1\/2&#8243;][vc_single_image image=&#8221;454&#8243; img_size=&#8221;full&#8221; alignment=&#8221;center&#8221; qode_css_animation=&#8221;element_from_left&#8221;][\/vc_column_inner][\/vc_row_inner][\/vc_column][\/vc_row][vc_row css_animation=&#8221;&#8221; row_type=&#8221;row&#8221; use_row_as_full_screen_section=&#8221;no&#8221; type=&#8221;full_width&#8221; angled_section=&#8221;no&#8221; text_align=&#8221;left&#8221; background_image_as_pattern=&#8221;without_pattern&#8221;][vc_column][vc_column_text]<\/p>\n\n\t\t<style type=\"text\/css\">\n\t\t\t#gallery-1 {\n\t\t\t\tmargin: auto;\n\t\t\t}\n\t\t\t#gallery-1 .gallery-item {\n\t\t\t\tfloat: left;\n\t\t\t\tmargin-top: 10px;\n\t\t\t\ttext-align: center;\n\t\t\t\twidth: 25%;\n\t\t\t}\n\t\t\t#gallery-1 img {\n\t\t\t\tborder: 2px solid #cfcfcf;\n\t\t\t}\n\t\t\t#gallery-1 .gallery-caption {\n\t\t\t\tmargin-left: 0;\n\t\t\t}\n\t\t\t\/* see gallery_shortcode() in wp-includes\/media.php *\/\n\t\t<\/style>\n\t\t<div id='gallery-1' class='gallery galleryid-643 gallery-columns-4 gallery-size-full'><dl class='gallery-item'>\n\t\t\t<dt class='gallery-icon landscape'>\n\t\t\t\t<img width=\"800\" height=\"533\" src=\"https:\/\/argentootel.com\/en\/wp-content\/uploads\/sites\/19\/2022\/03\/genel-7.jpg\" class=\"attachment-full size-full\" alt=\"\" loading=\"lazy\" srcset=\"https:\/\/argentootel.com\/en\/wp-content\/uploads\/sites\/19\/2022\/03\/genel-7.jpg 800w, https:\/\/argentootel.com\/en\/wp-content\/uploads\/sites\/19\/2022\/03\/genel-7-300x200.jpg 300w, https:\/\/argentootel.com\/en\/wp-content\/uploads\/sites\/19\/2022\/03\/genel-7-768x512.jpg 768w, https:\/\/argentootel.com\/en\/wp-content\/uploads\/sites\/19\/2022\/03\/genel-7-700x466.jpg 700w\" sizes=\"(max-width: 800px) 100vw, 800px\" \/>\n\t\t\t<\/dt><\/dl><dl class='gallery-item'>\n\t\t\t<dt class='gallery-icon landscape'>\n\t\t\t\t<img width=\"800\" height=\"533\" src=\"https:\/\/argentootel.com\/en\/wp-content\/uploads\/sites\/19\/2022\/03\/genel-5.jpg\" class=\"attachment-full size-full\" alt=\"\" loading=\"lazy\" srcset=\"https:\/\/argentootel.com\/en\/wp-content\/uploads\/sites\/19\/2022\/03\/genel-5.jpg 800w, https:\/\/argentootel.com\/en\/wp-content\/uploads\/sites\/19\/2022\/03\/genel-5-300x200.jpg 300w, https:\/\/argentootel.com\/en\/wp-content\/uploads\/sites\/19\/2022\/03\/genel-5-768x512.jpg 768w, https:\/\/argentootel.com\/en\/wp-content\/uploads\/sites\/19\/2022\/03\/genel-5-700x466.jpg 700w\" sizes=\"(max-width: 800px) 100vw, 800px\" \/>\n\t\t\t<\/dt><\/dl><dl class='gallery-item'>\n\t\t\t<dt class='gallery-icon landscape'>\n\t\t\t\t<img width=\"800\" height=\"533\" src=\"https:\/\/argentootel.com\/en\/wp-content\/uploads\/sites\/19\/2022\/03\/genel-6.jpg\" class=\"attachment-full size-full\" alt=\"\" loading=\"lazy\" srcset=\"https:\/\/argentootel.com\/en\/wp-content\/uploads\/sites\/19\/2022\/03\/genel-6.jpg 800w, https:\/\/argentootel.com\/en\/wp-content\/uploads\/sites\/19\/2022\/03\/genel-6-300x200.jpg 300w, https:\/\/argentootel.com\/en\/wp-content\/uploads\/sites\/19\/2022\/03\/genel-6-768x512.jpg 768w, https:\/\/argentootel.com\/en\/wp-content\/uploads\/sites\/19\/2022\/03\/genel-6-700x466.jpg 700w\" sizes=\"(max-width: 800px) 100vw, 800px\" \/>\n\t\t\t<\/dt><\/dl><dl class='gallery-item'>\n\t\t\t<dt class='gallery-icon landscape'>\n\t\t\t\t<img width=\"800\" height=\"533\" src=\"https:\/\/argentootel.com\/en\/wp-content\/uploads\/sites\/19\/2022\/03\/ortak-4.jpg\" class=\"attachment-full size-full\" alt=\"\" loading=\"lazy\" srcset=\"https:\/\/argentootel.com\/en\/wp-content\/uploads\/sites\/19\/2022\/03\/ortak-4.jpg 800w, https:\/\/argentootel.com\/en\/wp-content\/uploads\/sites\/19\/2022\/03\/ortak-4-300x200.jpg 300w, https:\/\/argentootel.com\/en\/wp-content\/uploads\/sites\/19\/2022\/03\/ortak-4-768x512.jpg 768w, https:\/\/argentootel.com\/en\/wp-content\/uploads\/sites\/19\/2022\/03\/ortak-4-700x466.jpg 700w\" sizes=\"(max-width: 800px) 100vw, 800px\" \/>\n\t\t\t<\/dt><\/dl><br style=\"clear: both\" \/>\n\t\t<\/div>\n\n<p>[\/vc_column_text][\/vc_column][\/vc_row][vc_row css_animation=&#8221;&#8221; row_type=&#8221;row&#8221; use_row_as_full_screen_section=&#8221;no&#8221; type=&#8221;full_width&#8221; angled_section=&#8221;no&#8221; text_align=&#8221;left&#8221; background_image_as_pattern=&#8221;without_pattern&#8221;][vc_column][vc_single_image image=&#8221;649&#8243; img_size=&#8221;full&#8221; alignment=&#8221;center&#8221; qode_css_animation=&#8221;element_from_top&#8221;][\/vc_column][\/vc_row]<\/p>\n","protected":false},"excerpt":{"rendered":"<p>[vc_row css_animation=&#8221;&#8221; row_type=&#8221;row&#8221; use_row_as_full_screen_section=&#8221;no&#8221; type=&#8221;full_width&#8221; angled_section=&#8221;no&#8221; text_align=&#8221;left&#8221; background_image_as_pattern=&#8221;without_pattern&#8221; z_index=&#8221;&#8221;][vc_column][vc_gmaps link=&#8221;#E-8_JTNDaWZyYW1lJTIwc3JjJTNEJTIyaHR0cHMlM0ElMkYlMkZ3d3cuZ29vZ2xlLmNvbSUyRm1hcHMlMkZlbWJlZCUzRnBiJTNEJTIxMW0xNCUyMTFtOCUyMTFtMyUyMTFkMTg5Mi45ODcxMzA0NjU1MjMlMjEyZDI3LjI0NzY2MTU4OTE2OTMlMjEzZDM3LjA2NjcyMzk0MjgxNTE2JTIxM20yJTIxMWkxMDI0JTIxMmk3NjglMjE0ZjEzLjElMjEzbTMlMjExbTIlMjExczB4MCUyNTNBMHg0NmI1YmU0OGJjMDQ4Y2U0JTIxMnpNemZDc0RBMEp6QXdMak1pVGlBeU44S3dNVFFuTlRVdU15SkYlMjE1ZTAlMjEzbTIlMjExc3RyJTIxMnN1cyUyMTR2MTY1MDI4OTEwNDIwNiUyMTVtMiUyMTFzdHIlMjEyc3VzJTIyJTIwd2lkdGglM0QlMjI4MDAlMjIlMjBoZWlnaHQlM0QlMjI2MDAlMjIlMjBzdHlsZSUzRCUyMmJvcmRlciUzQTAlM0IlMjIlMjBhbGxvd2Z1bGxzY3JlZW4lM0QlMjIlMjIlMjBsb2FkaW5nJTNEJTIybGF6eSUyMiUyMHJlZmVycmVycG9saWN5JTNEJTIybm8tcmVmZXJyZXItd2hlbi1kb3duZ3JhZGUlMjIlM0UlM0MlMkZpZnJhbWUlM0U=&#8221;][\/vc_column][\/vc_row][vc_row css_animation=&#8221;&#8221; row_type=&#8221;row&#8221; use_row_as_full_screen_section=&#8221;no&#8221; type=&#8221;full_width&#8221; angled_section=&#8221;no&#8221; text_align=&#8221;left&#8221; background_image_as_pattern=&#8221;without_pattern&#8221; css=&#8221;.vc_custom_1647742635049{background-color: #000000 !important;}&#8221; z_index=&#8221;&#8221;][vc_column][vc_row_inner row_type=&#8221;row&#8221; type=&#8221;grid&#8221; text_align=&#8221;left&#8221; css_animation=&#8221;&#8221;][vc_column_inner width=&#8221;1\/2&#8243;][vc_empty_space][vc_empty_space height=&#8221;20px&#8221;][vc_empty_space height=&#8221;20px&#8221;][vc_empty_space height=&#8221;20px&#8221;][\/vc_column_inner][vc_column_inner width=&#8221;1\/2&#8243;][vc_single_image image=&#8221;454&#8243; img_size=&#8221;full&#8221; alignment=&#8221;center&#8221; qode_css_animation=&#8221;element_from_left&#8221;][\/vc_column_inner][\/vc_row_inner][\/vc_column][\/vc_row][vc_row css_animation=&#8221;&#8221; row_type=&#8221;row&#8221; use_row_as_full_screen_section=&#8221;no&#8221; type=&#8221;full_width&#8221; angled_section=&#8221;no&#8221; text_align=&#8221;left&#8221; background_image_as_pattern=&#8221;without_pattern&#8221;][vc_column][vc_column_text] [\/vc_column_text][\/vc_column][\/vc_row][vc_row css_animation=&#8221;&#8221; row_type=&#8221;row&#8221; use_row_as_full_screen_section=&#8221;no&#8221;&#8230;<\/p>\n","protected":false},"author":1,"featured_media":0,"parent":0,"menu_order":0,"comment_status":"closed","ping_status":"closed","template":"full_width.php","meta":[],"_links":{"self":[{"href":"https:\/\/argentootel.com\/en\/wp-json\/wp\/v2\/pages\/643"}],"collection":[{"href":"https:\/\/argentootel.com\/en\/wp-json\/wp\/v2\/pages"}],"about":[{"href":"https:\/\/argentootel.com\/en\/wp-json\/wp\/v2\/types\/page"}],"author":[{"embeddable":true,"href":"https:\/\/argentootel.com\/en\/wp-json\/wp\/v2\/users\/1"}],"replies":[{"embeddable":true,"href":"https:\/\/argentootel.com\/en\/wp-json\/wp\/v2\/comments?post=643"}],"version-history":[{"count":14,"href":"https:\/\/argentootel.com\/en\/wp-json\/wp\/v2\/pages\/643\/revisions"}],"predecessor-version":[{"id":898,"href":"https:\/\/argentootel.com\/en\/wp-json\/wp\/v2\/pages\/643\/revisions\/898"}],"wp:attachment":[{"href":"https:\/\/argentootel.com\/en\/wp-json\/wp\/v2\/media?parent=643"}],"curies":[{"name":"wp","href":"https:\/\/api.w.org\/{rel}","templated":true}]}}